{"id":103,"date":"2019-01-01T18:51:01","date_gmt":"2019-01-01T17:51:01","guid":{"rendered":"http:\/\/beta.digiplant.se\/?page_id=103"},"modified":"2026-03-20T13:44:32","modified_gmt":"2026-03-20T12:44:32","slug":"arendehantering-sbs-smanager","status":"publish","type":"page","link":"https:\/\/www.digiplant.se\/sv\/arendehantering-sbs-smanager\/","title":{"rendered":"SBS Manager\u00ae"},"content":{"rendered":"","protected":false},"excerpt":{"rendered":"","protected":false},"author":2,"featured_media":0,"parent":0,"menu_order":1,"comment_status":"closed","ping_status":"closed","template":"block.php","meta":{"_acf_changed":false,"content-type":"","footnotes":""},"categories":[],"tags":[],"class_list":["post-103","page","type-page","status-publish","hentry"],"acf":[],"yoast_head":"<!-- This site is optimized with the Yoast SEO Premium plugin v25.9 (Yoast SEO v27.3) - https:\/\/yoast.com\/product\/yoast-seo-premium-wordpress\/ -->\n<title>\u00c4rendehantering \u2013 stiftelse, sponsor, offentlig verksamhet &#8212; digiPlant AB<\/title>\n<meta name=\"description\" content=\"SBS Manager\u00ae \u00e4r en standardplattform f\u00f6r \u00e4rendehantering med stor skalbarhet \u2013 f\u00f6r den enskilda organisationen eller internationella koncernen.\" \/>\n<meta name=\"robots\" content=\"index, follow, max-snippet:-1, max-image-preview:large, max-video-preview:-1\" \/>\n<link rel=\"canonical\" href=\"https:\/\/www.digiplant.se\/sv\/arendehantering-sbs-smanager\/\" \/>\n<meta property=\"og:locale\" content=\"sv_SE\" \/>\n<meta property=\"og:type\" content=\"article\" \/>\n<meta property=\"og:title\" content=\"SBS Manager\u00ae\" \/>\n<meta property=\"og:url\" content=\"https:\/\/www.digiplant.se\/sv\/arendehantering-sbs-smanager\/\" \/>\n<meta property=\"og:site_name\" content=\"digiPlant AB\" \/>\n<meta property=\"article:publisher\" content=\"https:\/\/www.facebook.com\/digiplant\" \/>\n<meta property=\"article:modified_time\" content=\"2026-03-20T12:44:32+00:00\" \/>\n<meta property=\"og:image\" content=\"https:\/\/www.digiplant.se\/wp-content\/uploads\/2019\/01\/Everyday_Tech_Death_to_stock_photography_12.jpg\" \/>\n\t<meta property=\"og:image:width\" content=\"1280\" \/>\n\t<meta property=\"og:image:height\" content=\"853\" \/>\n\t<meta property=\"og:image:type\" content=\"image\/jpeg\" \/>\n<meta name=\"twitter:card\" content=\"summary_large_image\" \/>\n<meta name=\"twitter:site\" content=\"@digiplant\" \/>\n<meta name=\"twitter:label1\" content=\"Ber\u00e4knad l\u00e4stid\" \/>\n\t<meta name=\"twitter:data1\" content=\"2 minuter\" \/>\n<script type=\"application\/ld+json\" class=\"yoast-schema-graph\">{\"@context\":\"https:\\\/\\\/schema.org\",\"@graph\":[{\"@type\":\"WebPage\",\"@id\":\"https:\\\/\\\/www.digiplant.se\\\/sv\\\/arendehantering-sbs-smanager\\\/\",\"url\":\"https:\\\/\\\/www.digiplant.se\\\/sv\\\/arendehantering-sbs-smanager\\\/\",\"name\":\"\u00c4rendehantering \u2013 stiftelse, sponsor, offentlig verksamhet &#8212; digiPlant AB\",\"isPartOf\":{\"@id\":\"https:\\\/\\\/www.digiplant.se\\\/sv\\\/#website\"},\"datePublished\":\"2019-01-01T17:51:01+00:00\",\"dateModified\":\"2026-03-20T12:44:32+00:00\",\"description\":\"SBS Manager\u00ae \u00e4r en standardplattform f\u00f6r \u00e4rendehantering med stor skalbarhet \u2013 f\u00f6r den enskilda organisationen eller internationella koncernen.\",\"breadcrumb\":{\"@id\":\"https:\\\/\\\/www.digiplant.se\\\/sv\\\/arendehantering-sbs-smanager\\\/#breadcrumb\"},\"inLanguage\":\"sv-SE\",\"potentialAction\":[{\"@type\":\"ReadAction\",\"target\":[\"https:\\\/\\\/www.digiplant.se\\\/sv\\\/arendehantering-sbs-smanager\\\/\"]}]},{\"@type\":\"BreadcrumbList\",\"@id\":\"https:\\\/\\\/www.digiplant.se\\\/sv\\\/arendehantering-sbs-smanager\\\/#breadcrumb\",\"itemListElement\":[{\"@type\":\"ListItem\",\"position\":1,\"name\":\"Home\",\"item\":\"https:\\\/\\\/www.digiplant.se\\\/sv\\\/\"},{\"@type\":\"ListItem\",\"position\":2,\"name\":\"SBS Manager\u00ae\"}]},{\"@type\":\"WebSite\",\"@id\":\"https:\\\/\\\/www.digiplant.se\\\/sv\\\/#website\",\"url\":\"https:\\\/\\\/www.digiplant.se\\\/sv\\\/\",\"name\":\"digiPlant AB\",\"description\":\"Online Efficiency\",\"potentialAction\":[{\"@type\":\"SearchAction\",\"target\":{\"@type\":\"EntryPoint\",\"urlTemplate\":\"https:\\\/\\\/www.digiplant.se\\\/sv\\\/?s={search_term_string}\"},\"query-input\":{\"@type\":\"PropertyValueSpecification\",\"valueRequired\":true,\"valueName\":\"search_term_string\"}}],\"inLanguage\":\"sv-SE\"}]}<\/script>\n<!-- \/ Yoast SEO Premium plugin. -->","yoast_head_json":{"title":"\u00c4rendehantering \u2013 stiftelse, sponsor, offentlig verksamhet &#8212; digiPlant AB","description":"SBS Manager\u00ae \u00e4r en standardplattform f\u00f6r \u00e4rendehantering med stor skalbarhet \u2013 f\u00f6r den enskilda organisationen eller internationella koncernen.","robots":{"index":"index","follow":"follow","max-snippet":"max-snippet:-1","max-image-preview":"max-image-preview:large","max-video-preview":"max-video-preview:-1"},"canonical":"https:\/\/www.digiplant.se\/sv\/arendehantering-sbs-smanager\/","og_locale":"sv_SE","og_type":"article","og_title":"SBS Manager\u00ae","og_url":"https:\/\/www.digiplant.se\/sv\/arendehantering-sbs-smanager\/","og_site_name":"digiPlant AB","article_publisher":"https:\/\/www.facebook.com\/digiplant","article_modified_time":"2026-03-20T12:44:32+00:00","og_image":[{"width":1280,"height":853,"url":"https:\/\/www.digiplant.se\/wp-content\/uploads\/2019\/01\/Everyday_Tech_Death_to_stock_photography_12.jpg","type":"image\/jpeg"}],"twitter_card":"summary_large_image","twitter_site":"@digiplant","twitter_misc":{"Ber\u00e4knad l\u00e4stid":"2 minuter"},"schema":{"@context":"https:\/\/schema.org","@graph":[{"@type":"WebPage","@id":"https:\/\/www.digiplant.se\/sv\/arendehantering-sbs-smanager\/","url":"https:\/\/www.digiplant.se\/sv\/arendehantering-sbs-smanager\/","name":"\u00c4rendehantering \u2013 stiftelse, sponsor, offentlig verksamhet &#8212; digiPlant AB","isPartOf":{"@id":"https:\/\/www.digiplant.se\/sv\/#website"},"datePublished":"2019-01-01T17:51:01+00:00","dateModified":"2026-03-20T12:44:32+00:00","description":"SBS Manager\u00ae \u00e4r en standardplattform f\u00f6r \u00e4rendehantering med stor skalbarhet \u2013 f\u00f6r den enskilda organisationen eller internationella koncernen.","breadcrumb":{"@id":"https:\/\/www.digiplant.se\/sv\/arendehantering-sbs-smanager\/#breadcrumb"},"inLanguage":"sv-SE","potentialAction":[{"@type":"ReadAction","target":["https:\/\/www.digiplant.se\/sv\/arendehantering-sbs-smanager\/"]}]},{"@type":"BreadcrumbList","@id":"https:\/\/www.digiplant.se\/sv\/arendehantering-sbs-smanager\/#breadcrumb","itemListElement":[{"@type":"ListItem","position":1,"name":"Home","item":"https:\/\/www.digiplant.se\/sv\/"},{"@type":"ListItem","position":2,"name":"SBS Manager\u00ae"}]},{"@type":"WebSite","@id":"https:\/\/www.digiplant.se\/sv\/#website","url":"https:\/\/www.digiplant.se\/sv\/","name":"digiPlant AB","description":"Online Efficiency","potentialAction":[{"@type":"SearchAction","target":{"@type":"EntryPoint","urlTemplate":"https:\/\/www.digiplant.se\/sv\/?s={search_term_string}"},"query-input":{"@type":"PropertyValueSpecification","valueRequired":true,"valueName":"search_term_string"}}],"inLanguage":"sv-SE"}]}},"_links":{"self":[{"href":"https:\/\/www.digiplant.se\/sv\/wp-json\/wp\/v2\/pages\/103","targetHints":{"allow":["GET"]}}],"collection":[{"href":"https:\/\/www.digiplant.se\/sv\/wp-json\/wp\/v2\/pages"}],"about":[{"href":"https:\/\/www.digiplant.se\/sv\/wp-json\/wp\/v2\/types\/page"}],"author":[{"embeddable":true,"href":"https:\/\/www.digiplant.se\/sv\/wp-json\/wp\/v2\/users\/2"}],"replies":[{"embeddable":true,"href":"https:\/\/www.digiplant.se\/sv\/wp-json\/wp\/v2\/comments?post=103"}],"version-history":[{"count":23,"href":"https:\/\/www.digiplant.se\/sv\/wp-json\/wp\/v2\/pages\/103\/revisions"}],"predecessor-version":[{"id":1358,"href":"https:\/\/www.digiplant.se\/sv\/wp-json\/wp\/v2\/pages\/103\/revisions\/1358"}],"wp:attachment":[{"href":"https:\/\/www.digiplant.se\/sv\/wp-json\/wp\/v2\/media?parent=103"}],"wp:term":[{"taxonomy":"category","embeddable":true,"href":"https:\/\/www.digiplant.se\/sv\/wp-json\/wp\/v2\/categories?post=103"},{"taxonomy":"post_tag","embeddable":true,"href":"https:\/\/www.digiplant.se\/sv\/wp-json\/wp\/v2\/tags?post=103"}],"curies":[{"name":"wp","href":"https:\/\/api.w.org\/{rel}","templated":true}]}}